{"id":7891,"date":"2024-02-06T17:52:52","date_gmt":"2024-02-06T21:52:52","guid":{"rendered":"https:\/\/ecargo.do\/?page_id=7891"},"modified":"2024-02-07T13:51:53","modified_gmt":"2024-02-07T17:51:53","slug":"transporte-aereo","status":"publish","type":"page","link":"https:\/\/ecargo.do\/index.php\/transporte-aereo\/","title":{"rendered":"Transporte A\u00e9reo"},"content":{"rendered":"<style type=\"text\/css\"> \n#cmsmasters_row_69d43c9b1e2832_10518374 .cmsmasters_row_outer_parent { \n\tpadding-top: 0px; \n} \n\n#cmsmasters_row_69d43c9b1e2832_10518374 .cmsmasters_row_outer_parent { \n\tpadding-bottom: 10px; \n} \n\n \n#cmsmasters_heading_69d43c9b1e3253_06745536 { \n\ttext-align:left; \n\tmargin-top:0px; \n\tmargin-bottom:20px; \n} \n\n#cmsmasters_heading_69d43c9b1e3253_06745536 .cmsmasters_heading { \n\ttext-align:left; \n} \n\n#cmsmasters_heading_69d43c9b1e3253_06745536 .cmsmasters_heading, #cmsmasters_heading_69d43c9b1e3253_06745536 .cmsmasters_heading a { \n\tfont-size:28px; \n\tfont-weight:600; \n\tfont-style:normal; \n} \n\n#cmsmasters_heading_69d43c9b1e3253_06745536 .cmsmasters_heading_divider { \n} \n\n \n#cmsmasters_divider_69d43c9b1e34e3_86713738 { \n\tborder-bottom-width:1px; \n\tborder-bottom-style:solid; \n\tpadding-top:0px; \n\tmargin-bottom:40px; \n} \n \n#cmsmasters_row_69d43c9b1e3ae8_52714142 .cmsmasters_row_outer_parent { \n\tpadding-top: 0px; \n} \n\n#cmsmasters_row_69d43c9b1e3ae8_52714142 .cmsmasters_row_outer_parent { \n\tpadding-bottom: 10px; \n} \n\n \n#cmsmasters_divider_69d43c9b1e6756_24268029 { \n\tborder-bottom-width:1px; \n\tborder-bottom-style:solid; \n\tpadding-top:0px; \n\tmargin-bottom:40px; \n} \n \n#cmsmasters_row_69d43c9b1e6ae5_01280584 .cmsmasters_row_outer_parent { \n\tpadding-top: 0px; \n} \n\n#cmsmasters_row_69d43c9b1e6ae5_01280584 .cmsmasters_row_outer_parent { \n\tpadding-bottom: 0px; \n} \n\n \n#cmsmasters_row_69d43c9b1e75c7_72356682 .cmsmasters_row_outer_parent { \n\tpadding-bottom: 50px; \n} \n\n \n#cmsmasters_icon_box_69d43c9b1e7d76_06912385 { \n\tborder-width:1px; \n\tbackground-color:#fcfcfc;\n\tborder-color:#e4e4e4;\n} \n\n#cmsmasters_icon_box_69d43c9b1e7d76_06912385:before, \n#cmsmasters_icon_box_69d43c9b1e7d76_06912385 .icon_box_heading:before { \n\tfont-size:30px; \n\tline-height:60px; \n\twidth:60px; \n\theight:60px; \n\tborder-width:0px; \n\t-webkit-border-radius:50%; \n\tborder-radius:50%; \n\tcolor:#ffffff;\n\tbackground-color:#f02830;\n} \n\n#cmsmasters_icon_box_69d43c9b1e7d76_06912385.cmsmasters_icon_heading_left, \n#cmsmasters_icon_box_69d43c9b1e7d76_06912385.cmsmasters_icon_top, \n#cmsmasters_icon_box_69d43c9b1e7d76_06912385.cmsmasters_icon_box_left_top { \n\tpadding:30px 20px; } \n\n#cmsmasters_icon_box_69d43c9b1e7d76_06912385.cmsmasters_icon_top:before { \n\ttop:30px;} \n\n#cmsmasters_icon_box_69d43c9b1e7d76_06912385.cmsmasters_icon_box_left, \n#cmsmasters_icon_box_69d43c9b1e7d76_06912385.cmsmasters_icon_box_left_top { \n\tpadding-left:60px; \n\tmargin-left:30px; \n\t} \n\n#cmsmasters_icon_box_69d43c9b1e7d76_06912385.cmsmasters_icon_box_left:before, \n#cmsmasters_icon_box_69d43c9b1e7d76_06912385.cmsmasters_icon_box_left_top:before { \n\tleft:-30px; \n\t} \n\n#cmsmasters_icon_box_69d43c9b1e7d76_06912385.cmsmasters_icon_box_left_top { \n\tpadding-top:30px; \n\tmargin-top:60px; \n\t} \n\n#cmsmasters_icon_box_69d43c9b1e7d76_06912385.cmsmasters_icon_box_left_top:before { \n\tmargin-top:-30px; \n\t} \n\n \n#cmsmasters_divider_69d43c9b1e80c9_88501315 { \n\tborder-bottom-width:0px; \n\tborder-bottom-style:solid; \n\tpadding-top:0px; \n\tmargin-bottom:40px; \n} \n \n#cmsmasters_icon_box_69d43c9b1e8280_75473703 { \n\tborder-width:1px; \n\tbackground-color:#fcfcfc;\n\tborder-color:#e4e4e4;\n} \n\n#cmsmasters_icon_box_69d43c9b1e8280_75473703:before, \n#cmsmasters_icon_box_69d43c9b1e8280_75473703 .icon_box_heading:before { \n\tfont-size:30px; \n\tline-height:60px; \n\twidth:60px; \n\theight:60px; \n\tborder-width:0px; \n\t-webkit-border-radius:50%; \n\tborder-radius:50%; \n\tcolor:#ffffff;\n\tbackground-color:#f02830;\n} \n\n#cmsmasters_icon_box_69d43c9b1e8280_75473703.cmsmasters_icon_heading_left, \n#cmsmasters_icon_box_69d43c9b1e8280_75473703.cmsmasters_icon_top, \n#cmsmasters_icon_box_69d43c9b1e8280_75473703.cmsmasters_icon_box_left_top { \n\tpadding:30px 20px; } \n\n#cmsmasters_icon_box_69d43c9b1e8280_75473703.cmsmasters_icon_top:before { \n\ttop:30px;} \n\n#cmsmasters_icon_box_69d43c9b1e8280_75473703.cmsmasters_icon_box_left, \n#cmsmasters_icon_box_69d43c9b1e8280_75473703.cmsmasters_icon_box_left_top { \n\tpadding-left:60px; \n\tmargin-left:30px; \n\t} \n\n#cmsmasters_icon_box_69d43c9b1e8280_75473703.cmsmasters_icon_box_left:before, \n#cmsmasters_icon_box_69d43c9b1e8280_75473703.cmsmasters_icon_box_left_top:before { \n\tleft:-30px; \n\t} \n\n#cmsmasters_icon_box_69d43c9b1e8280_75473703.cmsmasters_icon_box_left_top { \n\tpadding-top:30px; \n\tmargin-top:60px; \n\t} \n\n#cmsmasters_icon_box_69d43c9b1e8280_75473703.cmsmasters_icon_box_left_top:before { \n\tmargin-top:-30px; \n\t} \n\n \n#cmsmasters_icon_box_69d43c9b1e8b43_10352074 { \n\tborder-width:1px; \n\tbackground-color:#fcfcfc;\n\tborder-color:#e4e4e4;\n} \n\n#cmsmasters_icon_box_69d43c9b1e8b43_10352074:before, \n#cmsmasters_icon_box_69d43c9b1e8b43_10352074 .icon_box_heading:before { \n\tfont-size:30px; \n\tline-height:60px; \n\twidth:60px; \n\theight:60px; \n\tborder-width:0px; \n\t-webkit-border-radius:50%; \n\tborder-radius:50%; \n} \n\n#cmsmasters_icon_box_69d43c9b1e8b43_10352074.cmsmasters_icon_heading_left, \n#cmsmasters_icon_box_69d43c9b1e8b43_10352074.cmsmasters_icon_top, \n#cmsmasters_icon_box_69d43c9b1e8b43_10352074.cmsmasters_icon_box_left_top { \n\tpadding:30px 20px; } \n\n#cmsmasters_icon_box_69d43c9b1e8b43_10352074.cmsmasters_icon_top:before { \n\ttop:30px;} \n\n#cmsmasters_icon_box_69d43c9b1e8b43_10352074.cmsmasters_icon_box_left, \n#cmsmasters_icon_box_69d43c9b1e8b43_10352074.cmsmasters_icon_box_left_top { \n\tpadding-left:60px; \n\tmargin-left:30px; \n\t} \n\n#cmsmasters_icon_box_69d43c9b1e8b43_10352074.cmsmasters_icon_box_left:before, \n#cmsmasters_icon_box_69d43c9b1e8b43_10352074.cmsmasters_icon_box_left_top:before { \n\tleft:-30px; \n\t} \n\n#cmsmasters_icon_box_69d43c9b1e8b43_10352074.cmsmasters_icon_box_left_top { \n\tpadding-top:30px; \n\tmargin-top:60px; \n\t} \n\n#cmsmasters_icon_box_69d43c9b1e8b43_10352074.cmsmasters_icon_box_left_top:before { \n\tmargin-top:-30px; \n\t} \n\n \n#cmsmasters_divider_69d43c9b1e8dd5_50272582 { \n\tborder-bottom-width:0px; \n\tborder-bottom-style:solid; \n\tpadding-top:0px; \n\tmargin-bottom:40px; \n} \n \n#cmsmasters_icon_box_69d43c9b1e8f51_31409181 { \n\tborder-width:1px; \n\tbackground-color:#fcfcfc;\n\tborder-color:#e4e4e4;\n} \n\n#cmsmasters_icon_box_69d43c9b1e8f51_31409181:before, \n#cmsmasters_icon_box_69d43c9b1e8f51_31409181 .icon_box_heading:before { \n\tfont-size:30px; \n\tline-height:60px; \n\twidth:60px; \n\theight:60px; \n\tborder-width:0px; \n\t-webkit-border-radius:50%; \n\tborder-radius:50%; \n} \n\n#cmsmasters_icon_box_69d43c9b1e8f51_31409181.cmsmasters_icon_heading_left, \n#cmsmasters_icon_box_69d43c9b1e8f51_31409181.cmsmasters_icon_top, \n#cmsmasters_icon_box_69d43c9b1e8f51_31409181.cmsmasters_icon_box_left_top { \n\tpadding:30px 20px; } \n\n#cmsmasters_icon_box_69d43c9b1e8f51_31409181.cmsmasters_icon_top:before { \n\ttop:30px;} \n\n#cmsmasters_icon_box_69d43c9b1e8f51_31409181.cmsmasters_icon_box_left, \n#cmsmasters_icon_box_69d43c9b1e8f51_31409181.cmsmasters_icon_box_left_top { \n\tpadding-left:60px; \n\tmargin-left:30px; \n\t} \n\n#cmsmasters_icon_box_69d43c9b1e8f51_31409181.cmsmasters_icon_box_left:before, \n#cmsmasters_icon_box_69d43c9b1e8f51_31409181.cmsmasters_icon_box_left_top:before { \n\tleft:-30px; \n\t} \n\n#cmsmasters_icon_box_69d43c9b1e8f51_31409181.cmsmasters_icon_box_left_top { \n\tpadding-top:30px; \n\tmargin-top:60px; \n\t} \n\n#cmsmasters_icon_box_69d43c9b1e8f51_31409181.cmsmasters_icon_box_left_top:before { \n\tmargin-top:-30px; \n\t} \n\n<\/style><div id=\"cmsmasters_row_69d43c9b1e2832_10518374\" class=\"cmsmasters_row cmsmasters_color_scheme_default cmsmasters_row_top_default cmsmasters_row_bot_default cmsmasters_row_boxed\">\n<div class=\"cmsmasters_row_outer_parent\">\n<div class=\"cmsmasters_row_outer\">\n<div class=\"cmsmasters_row_inner\">\n<div class=\"cmsmasters_row_margin\">\n<div class=\"cmsmasters_column one_first\">\n\n<div id=\"cmsmasters_heading_69d43c9b1e3253_06745536\" class=\"cmsmasters_heading_wrap cmsmasters_heading_align_left\">\n\t<h1 class=\"cmsmasters_heading\">Transporte A\u00e9reo <\/h1>\n<\/div>\n\n<div id=\"cmsmasters_divider_69d43c9b1e34e3_86713738\" class=\"cmsmasters_divider cmsmasters_divider_width_long cmsmasters_divider_pos_center\"><\/div>\n<\/div>\n<\/div>\n<\/div>\n<\/div>\n<\/div>\n<\/div>\n<div id=\"cmsmasters_row_69d43c9b1e3ae8_52714142\" class=\"cmsmasters_row cmsmasters_color_scheme_default cmsmasters_row_top_default cmsmasters_row_bot_default cmsmasters_row_boxed\">\n<div class=\"cmsmasters_row_outer_parent\">\n<div class=\"cmsmasters_row_outer\">\n<div class=\"cmsmasters_row_inner\">\n<div class=\"cmsmasters_row_margin\">\n<div class=\"cmsmasters_column one_first\">\n<div class=\"cmsmasters_content_slider_wrap\" style=\"max-width:860px;\">\n<script type=\"text\/javascript\">jQuery(document).ready(function () { jQuery(\"#cmsmasters_slider_69d43c9b1e4399_91025084.cmsmasters_content_slider\").owlCarousel( { singleItem : true, transitionStyle: false, rewindSpeed : 1000, slideSpeed : 600, autoHeight : true, paginationSpeed : \t600, autoPlay : false, navigationText : \t[ \"<span class=\\\"cmsmasters_prev_arrow\\\"><span><\/span><\/span>\", \"<span class=\\\"cmsmasters_next_arrow\\\"><span><\/span><\/span>\" ] } );} );<\/script>\n<div id=\"cmsmasters_slider_69d43c9b1e4399_91025084\" class=\"cmsmasters_content_slider cmsmasters_owl_slider owl-carousel image-services\">\n<div class=\"cmsmasters_content_slider_item\"><img loading=\"lazy\" decoding=\"async\" width=\"860\" height=\"500\" src=\"https:\/\/ecargo.do\/wp-content\/uploads\/2024\/02\/14_20240207_091654_0013.jpg\" class=\"attachment-post-thumbnail size-post-thumbnail\" alt=\"\" srcset=\"https:\/\/ecargo.do\/wp-content\/uploads\/2024\/02\/14_20240207_091654_0013.jpg 860w, https:\/\/ecargo.do\/wp-content\/uploads\/2024\/02\/14_20240207_091654_0013-300x174.jpg 300w, https:\/\/ecargo.do\/wp-content\/uploads\/2024\/02\/14_20240207_091654_0013-768x447.jpg 768w, https:\/\/ecargo.do\/wp-content\/uploads\/2024\/02\/14_20240207_091654_0013-580x337.jpg 580w\" sizes=\"auto, (max-width: 860px) 100vw, 860px\" \/><\/div><\/div>\n<\/div>\n<div class=\"cmsmasters_text text-services\">\n<p>Para las cargas que requieren un transporte r\u00e1pido y cuidadoso, Ecargo le ofrece el servicio de transporte a\u00e9reo. Con este servicio, podr\u00e1 enviar sus \u00f3rdenes urgentes y de menor volumen desde y hacia cualquier parte del mundo, con la mejor relaci\u00f3n entre calidad, tiempo y precio. Nos encargamos de gestionar sus env\u00edos a\u00e9reos con eficiencia y seguridad.<\/p>\n<\/div>\n\n<div id=\"cmsmasters_divider_69d43c9b1e6756_24268029\" class=\"cmsmasters_divider cmsmasters_divider_width_long cmsmasters_divider_pos_center\"><\/div>\n<\/div>\n<\/div>\n<\/div>\n<\/div>\n<\/div>\n<\/div>\n<div id=\"cmsmasters_row_69d43c9b1e6ae5_01280584\" class=\"cmsmasters_row cmsmasters_color_scheme_default cmsmasters_row_top_default cmsmasters_row_bot_default cmsmasters_row_boxed\">\n<div class=\"cmsmasters_row_outer_parent\">\n<div class=\"cmsmasters_row_outer\">\n<div class=\"cmsmasters_row_inner\">\n<div class=\"cmsmasters_row_margin\">\n<div class=\"cmsmasters_column one_first\">\n<div class=\"cmsmasters_text margin-bottom-zero\">\n<h1><strong>LO QUE OBTIENES CON <span style=\"color: #ed1c24;\">ECARGO LOGISTICS<\/span><\/strong><\/h1>\n<\/div>\n<\/div>\n<\/div>\n<\/div>\n<\/div>\n<\/div>\n<\/div>\n<div id=\"cmsmasters_row_69d43c9b1e75c7_72356682\" class=\"cmsmasters_row cmsmasters_color_scheme_default cmsmasters_row_top_default cmsmasters_row_bot_default cmsmasters_row_boxed\">\n<div class=\"cmsmasters_row_outer_parent\">\n<div class=\"cmsmasters_row_outer\">\n<div class=\"cmsmasters_row_inner\">\n<div class=\"cmsmasters_row_margin\">\n<div class=\"cmsmasters_column one_half\">\n\n<div id=\"cmsmasters_icon_box_69d43c9b1e7d76_06912385\" class=\"cmsmasters_icon_box cmsmasters_icon_box_left_top box_icon_type_icon cmsmasters-icon-custom-10\">\n<div class=\"icon_box_inner\">\n<h3 class=\"icon_box_heading\">ENTREGA 100% SEGURA<\/h3>\n<div class=\"icon_box_text\">\n<p><\/p>\n<\/div>\n<\/div>\n<\/div>\n\n<div id=\"cmsmasters_divider_69d43c9b1e80c9_88501315\" class=\"cl\"><\/div>\n\n<div id=\"cmsmasters_icon_box_69d43c9b1e8280_75473703\" class=\"cmsmasters_icon_box cmsmasters_icon_box_left_top box_icon_type_icon cmsmasters-icon-custom-18\">\n<div class=\"icon_box_inner\">\n<h3 class=\"icon_box_heading\">TRANSPORTE A TIEMPO<\/h3>\n<div class=\"icon_box_text\">\n<p><\/p>\n<\/div>\n<\/div>\n<\/div>\n<\/div>\n<div class=\"cmsmasters_column one_half\">\n\n<div id=\"cmsmasters_icon_box_69d43c9b1e8b43_10352074\" class=\"cmsmasters_icon_box cmsmasters_icon_box_left_top box_icon_type_icon cmsmasters-icon-custom-01\">\n<div class=\"icon_box_inner\">\n<h3 class=\"icon_box_heading\">FLOTA DE VEH\u00cdCULOS MODERNA<\/h3>\n<div class=\"icon_box_text\">\n<p><\/p>\n<\/div>\n<\/div>\n<\/div>\n\n<div id=\"cmsmasters_divider_69d43c9b1e8dd5_50272582\" class=\"cl\"><\/div>\n\n<div id=\"cmsmasters_icon_box_69d43c9b1e8f51_31409181\" class=\"cmsmasters_icon_box cmsmasters_icon_box_left_top box_icon_type_icon cmsmasters-icon-custom-08\">\n<div class=\"icon_box_inner\">\n<h3 class=\"icon_box_heading\">SEGUIMIENTO ONLINE<\/h3>\n<div class=\"icon_box_text\">\n<p><\/p>\n<\/div>\n<\/div>\n<\/div>\n<\/div>\n<\/div>\n<\/div>\n<\/div>\n<\/div>\n<\/div>\n\n","protected":false},"excerpt":{"rendered":"","protected":false},"author":1,"featured_media":0,"parent":0,"menu_order":0,"comment_status":"closed","ping_status":"closed","template":"","meta":{"footnotes":""},"class_list":["post-7891","page","type-page","status-publish","hentry"],"_links":{"self":[{"href":"https:\/\/ecargo.do\/index.php\/wp-json\/wp\/v2\/pages\/7891","targetHints":{"allow":["GET"]}}],"collection":[{"href":"https:\/\/ecargo.do\/index.php\/wp-json\/wp\/v2\/pages"}],"about":[{"href":"https:\/\/ecargo.do\/index.php\/wp-json\/wp\/v2\/types\/page"}],"author":[{"embeddable":true,"href":"https:\/\/ecargo.do\/index.php\/wp-json\/wp\/v2\/users\/1"}],"replies":[{"embeddable":true,"href":"https:\/\/ecargo.do\/index.php\/wp-json\/wp\/v2\/comments?post=7891"}],"version-history":[{"count":5,"href":"https:\/\/ecargo.do\/index.php\/wp-json\/wp\/v2\/pages\/7891\/revisions"}],"predecessor-version":[{"id":7914,"href":"https:\/\/ecargo.do\/index.php\/wp-json\/wp\/v2\/pages\/7891\/revisions\/7914"}],"wp:attachment":[{"href":"https:\/\/ecargo.do\/index.php\/wp-json\/wp\/v2\/media?parent=7891"}],"curies":[{"name":"wp","href":"https:\/\/api.w.org\/{rel}","templated":true}]}}