{"id":7901,"date":"2024-02-06T18:09:29","date_gmt":"2024-02-06T22:09:29","guid":{"rendered":"https:\/\/ecargo.do\/?page_id=7901"},"modified":"2024-02-07T14:08:58","modified_gmt":"2024-02-07T18:08:58","slug":"gestion-aduanal","status":"publish","type":"page","link":"https:\/\/ecargo.do\/index.php\/gestion-aduanal\/","title":{"rendered":"Gesti\u00f3n Aduanal"},"content":{"rendered":"<style type=\"text\/css\"> \n#cmsmasters_row_69dcc4ae723e39_10850276 .cmsmasters_row_outer_parent { \n\tpadding-top: 0px; \n} \n\n#cmsmasters_row_69dcc4ae723e39_10850276 .cmsmasters_row_outer_parent { \n\tpadding-bottom: 10px; \n} \n\n \n#cmsmasters_heading_69dcc4ae724790_19555558 { \n\ttext-align:left; \n\tmargin-top:0px; \n\tmargin-bottom:20px; \n} \n\n#cmsmasters_heading_69dcc4ae724790_19555558 .cmsmasters_heading { \n\ttext-align:left; \n} \n\n#cmsmasters_heading_69dcc4ae724790_19555558 .cmsmasters_heading, #cmsmasters_heading_69dcc4ae724790_19555558 .cmsmasters_heading a { \n\tfont-size:28px; \n\tfont-weight:600; \n\tfont-style:normal; \n} \n\n#cmsmasters_heading_69dcc4ae724790_19555558 .cmsmasters_heading_divider { \n} \n\n \n#cmsmasters_divider_69dcc4ae724a11_17304081 { \n\tborder-bottom-width:1px; \n\tborder-bottom-style:solid; \n\tpadding-top:0px; \n\tmargin-bottom:40px; \n} \n \n#cmsmasters_row_69dcc4ae725012_08482533 .cmsmasters_row_outer_parent { \n\tpadding-top: 0px; \n} \n\n#cmsmasters_row_69dcc4ae725012_08482533 .cmsmasters_row_outer_parent { \n\tpadding-bottom: 10px; \n} \n\n \n#cmsmasters_divider_69dcc4ae727d46_02416830 { \n\tborder-bottom-width:1px; \n\tborder-bottom-style:solid; \n\tpadding-top:0px; \n\tmargin-bottom:40px; \n} \n \n#cmsmasters_row_69dcc4ae7280f0_08070850 .cmsmasters_row_outer_parent { \n\tpadding-top: 0px; \n} \n\n#cmsmasters_row_69dcc4ae7280f0_08070850 .cmsmasters_row_outer_parent { \n\tpadding-bottom: 0px; \n} \n\n \n#cmsmasters_row_69dcc4ae728ba2_94971906 .cmsmasters_row_outer_parent { \n\tpadding-bottom: 50px; \n} \n\n \n#cmsmasters_icon_box_69dcc4ae729396_83860052 { \n\tborder-width:1px; \n\tbackground-color:#fcfcfc;\n\tborder-color:#e4e4e4;\n} \n\n#cmsmasters_icon_box_69dcc4ae729396_83860052:before, \n#cmsmasters_icon_box_69dcc4ae729396_83860052 .icon_box_heading:before { \n\tfont-size:30px; \n\tline-height:60px; \n\twidth:60px; \n\theight:60px; \n\tborder-width:0px; \n\t-webkit-border-radius:50%; \n\tborder-radius:50%; \n\tcolor:#ffffff;\n\tbackground-color:#f02830;\n} \n\n#cmsmasters_icon_box_69dcc4ae729396_83860052.cmsmasters_icon_heading_left, \n#cmsmasters_icon_box_69dcc4ae729396_83860052.cmsmasters_icon_top, \n#cmsmasters_icon_box_69dcc4ae729396_83860052.cmsmasters_icon_box_left_top { \n\tpadding:30px 20px; } \n\n#cmsmasters_icon_box_69dcc4ae729396_83860052.cmsmasters_icon_top:before { \n\ttop:30px;} \n\n#cmsmasters_icon_box_69dcc4ae729396_83860052.cmsmasters_icon_box_left, \n#cmsmasters_icon_box_69dcc4ae729396_83860052.cmsmasters_icon_box_left_top { \n\tpadding-left:60px; \n\tmargin-left:30px; \n\t} \n\n#cmsmasters_icon_box_69dcc4ae729396_83860052.cmsmasters_icon_box_left:before, \n#cmsmasters_icon_box_69dcc4ae729396_83860052.cmsmasters_icon_box_left_top:before { \n\tleft:-30px; \n\t} \n\n#cmsmasters_icon_box_69dcc4ae729396_83860052.cmsmasters_icon_box_left_top { \n\tpadding-top:30px; \n\tmargin-top:60px; \n\t} \n\n#cmsmasters_icon_box_69dcc4ae729396_83860052.cmsmasters_icon_box_left_top:before { \n\tmargin-top:-30px; \n\t} \n\n \n#cmsmasters_divider_69dcc4ae7296f6_23835770 { \n\tborder-bottom-width:0px; \n\tborder-bottom-style:solid; \n\tpadding-top:0px; \n\tmargin-bottom:40px; \n} \n \n#cmsmasters_icon_box_69dcc4ae7298c6_29710232 { \n\tborder-width:1px; \n\tbackground-color:#fcfcfc;\n\tborder-color:#e4e4e4;\n} \n\n#cmsmasters_icon_box_69dcc4ae7298c6_29710232:before, \n#cmsmasters_icon_box_69dcc4ae7298c6_29710232 .icon_box_heading:before { \n\tfont-size:30px; \n\tline-height:60px; \n\twidth:60px; \n\theight:60px; \n\tborder-width:0px; \n\t-webkit-border-radius:50%; \n\tborder-radius:50%; \n\tcolor:#ffffff;\n\tbackground-color:#f02830;\n} \n\n#cmsmasters_icon_box_69dcc4ae7298c6_29710232.cmsmasters_icon_heading_left, \n#cmsmasters_icon_box_69dcc4ae7298c6_29710232.cmsmasters_icon_top, \n#cmsmasters_icon_box_69dcc4ae7298c6_29710232.cmsmasters_icon_box_left_top { \n\tpadding:30px 20px; } \n\n#cmsmasters_icon_box_69dcc4ae7298c6_29710232.cmsmasters_icon_top:before { \n\ttop:30px;} \n\n#cmsmasters_icon_box_69dcc4ae7298c6_29710232.cmsmasters_icon_box_left, \n#cmsmasters_icon_box_69dcc4ae7298c6_29710232.cmsmasters_icon_box_left_top { \n\tpadding-left:60px; \n\tmargin-left:30px; \n\t} \n\n#cmsmasters_icon_box_69dcc4ae7298c6_29710232.cmsmasters_icon_box_left:before, \n#cmsmasters_icon_box_69dcc4ae7298c6_29710232.cmsmasters_icon_box_left_top:before { \n\tleft:-30px; \n\t} \n\n#cmsmasters_icon_box_69dcc4ae7298c6_29710232.cmsmasters_icon_box_left_top { \n\tpadding-top:30px; \n\tmargin-top:60px; \n\t} \n\n#cmsmasters_icon_box_69dcc4ae7298c6_29710232.cmsmasters_icon_box_left_top:before { \n\tmargin-top:-30px; \n\t} \n\n \n#cmsmasters_icon_box_69dcc4ae72a189_29739995 { \n\tborder-width:1px; \n\tbackground-color:#fcfcfc;\n\tborder-color:#e4e4e4;\n} \n\n#cmsmasters_icon_box_69dcc4ae72a189_29739995:before, \n#cmsmasters_icon_box_69dcc4ae72a189_29739995 .icon_box_heading:before { \n\tfont-size:30px; \n\tline-height:60px; \n\twidth:60px; \n\theight:60px; \n\tborder-width:0px; \n\t-webkit-border-radius:50%; \n\tborder-radius:50%; \n} \n\n#cmsmasters_icon_box_69dcc4ae72a189_29739995.cmsmasters_icon_heading_left, \n#cmsmasters_icon_box_69dcc4ae72a189_29739995.cmsmasters_icon_top, \n#cmsmasters_icon_box_69dcc4ae72a189_29739995.cmsmasters_icon_box_left_top { \n\tpadding:30px 20px; } \n\n#cmsmasters_icon_box_69dcc4ae72a189_29739995.cmsmasters_icon_top:before { \n\ttop:30px;} \n\n#cmsmasters_icon_box_69dcc4ae72a189_29739995.cmsmasters_icon_box_left, \n#cmsmasters_icon_box_69dcc4ae72a189_29739995.cmsmasters_icon_box_left_top { \n\tpadding-left:60px; \n\tmargin-left:30px; \n\t} \n\n#cmsmasters_icon_box_69dcc4ae72a189_29739995.cmsmasters_icon_box_left:before, \n#cmsmasters_icon_box_69dcc4ae72a189_29739995.cmsmasters_icon_box_left_top:before { \n\tleft:-30px; \n\t} \n\n#cmsmasters_icon_box_69dcc4ae72a189_29739995.cmsmasters_icon_box_left_top { \n\tpadding-top:30px; \n\tmargin-top:60px; \n\t} \n\n#cmsmasters_icon_box_69dcc4ae72a189_29739995.cmsmasters_icon_box_left_top:before { \n\tmargin-top:-30px; \n\t} \n\n \n#cmsmasters_divider_69dcc4ae72a428_30033663 { \n\tborder-bottom-width:0px; \n\tborder-bottom-style:solid; \n\tpadding-top:0px; \n\tmargin-bottom:40px; \n} \n \n#cmsmasters_icon_box_69dcc4ae72a5a9_56715262 { \n\tborder-width:1px; \n\tbackground-color:#fcfcfc;\n\tborder-color:#e4e4e4;\n} \n\n#cmsmasters_icon_box_69dcc4ae72a5a9_56715262:before, \n#cmsmasters_icon_box_69dcc4ae72a5a9_56715262 .icon_box_heading:before { \n\tfont-size:30px; \n\tline-height:60px; \n\twidth:60px; \n\theight:60px; \n\tborder-width:0px; \n\t-webkit-border-radius:50%; \n\tborder-radius:50%; \n} \n\n#cmsmasters_icon_box_69dcc4ae72a5a9_56715262.cmsmasters_icon_heading_left, \n#cmsmasters_icon_box_69dcc4ae72a5a9_56715262.cmsmasters_icon_top, \n#cmsmasters_icon_box_69dcc4ae72a5a9_56715262.cmsmasters_icon_box_left_top { \n\tpadding:30px 20px; } \n\n#cmsmasters_icon_box_69dcc4ae72a5a9_56715262.cmsmasters_icon_top:before { \n\ttop:30px;} \n\n#cmsmasters_icon_box_69dcc4ae72a5a9_56715262.cmsmasters_icon_box_left, \n#cmsmasters_icon_box_69dcc4ae72a5a9_56715262.cmsmasters_icon_box_left_top { \n\tpadding-left:60px; \n\tmargin-left:30px; \n\t} \n\n#cmsmasters_icon_box_69dcc4ae72a5a9_56715262.cmsmasters_icon_box_left:before, \n#cmsmasters_icon_box_69dcc4ae72a5a9_56715262.cmsmasters_icon_box_left_top:before { \n\tleft:-30px; \n\t} \n\n#cmsmasters_icon_box_69dcc4ae72a5a9_56715262.cmsmasters_icon_box_left_top { \n\tpadding-top:30px; \n\tmargin-top:60px; \n\t} \n\n#cmsmasters_icon_box_69dcc4ae72a5a9_56715262.cmsmasters_icon_box_left_top:before { \n\tmargin-top:-30px; \n\t} \n\n<\/style><div id=\"cmsmasters_row_69dcc4ae723e39_10850276\" class=\"cmsmasters_row cmsmasters_color_scheme_default cmsmasters_row_top_default cmsmasters_row_bot_default cmsmasters_row_boxed\">\n<div class=\"cmsmasters_row_outer_parent\">\n<div class=\"cmsmasters_row_outer\">\n<div class=\"cmsmasters_row_inner\">\n<div class=\"cmsmasters_row_margin\">\n<div class=\"cmsmasters_column one_first\">\n\n<div id=\"cmsmasters_heading_69dcc4ae724790_19555558\" class=\"cmsmasters_heading_wrap cmsmasters_heading_align_left\">\n\t<h1 class=\"cmsmasters_heading\">Gesti\u00f3n Aduanal<\/h1>\n<\/div>\n\n<div id=\"cmsmasters_divider_69dcc4ae724a11_17304081\" class=\"cmsmasters_divider cmsmasters_divider_width_long cmsmasters_divider_pos_center\"><\/div>\n<\/div>\n<\/div>\n<\/div>\n<\/div>\n<\/div>\n<\/div>\n<div id=\"cmsmasters_row_69dcc4ae725012_08482533\" class=\"cmsmasters_row cmsmasters_color_scheme_default cmsmasters_row_top_default cmsmasters_row_bot_default cmsmasters_row_boxed\">\n<div class=\"cmsmasters_row_outer_parent\">\n<div class=\"cmsmasters_row_outer\">\n<div class=\"cmsmasters_row_inner\">\n<div class=\"cmsmasters_row_margin\">\n<div class=\"cmsmasters_column one_first\">\n<div class=\"cmsmasters_content_slider_wrap\" style=\"max-width:860px;\">\n<script type=\"text\/javascript\">jQuery(document).ready(function () { jQuery(\"#cmsmasters_slider_69dcc4ae725880_25614103.cmsmasters_content_slider\").owlCarousel( { singleItem : true, transitionStyle: false, rewindSpeed : 1000, slideSpeed : 600, autoHeight : true, paginationSpeed : \t600, autoPlay : false, navigationText : \t[ \"<span class=\\\"cmsmasters_prev_arrow\\\"><span><\/span><\/span>\", \"<span class=\\\"cmsmasters_next_arrow\\\"><span><\/span><\/span>\" ] } );} );<\/script>\n<div id=\"cmsmasters_slider_69dcc4ae725880_25614103\" class=\"cmsmasters_content_slider cmsmasters_owl_slider owl-carousel image-services\">\n<div class=\"cmsmasters_content_slider_item\"><img loading=\"lazy\" decoding=\"async\" width=\"860\" height=\"500\" src=\"https:\/\/ecargo.do\/wp-content\/uploads\/2024\/02\/9_20240207_091653_0008.jpg\" class=\"attachment-post-thumbnail size-post-thumbnail\" alt=\"\" srcset=\"https:\/\/ecargo.do\/wp-content\/uploads\/2024\/02\/9_20240207_091653_0008.jpg 860w, https:\/\/ecargo.do\/wp-content\/uploads\/2024\/02\/9_20240207_091653_0008-300x174.jpg 300w, https:\/\/ecargo.do\/wp-content\/uploads\/2024\/02\/9_20240207_091653_0008-768x447.jpg 768w, https:\/\/ecargo.do\/wp-content\/uploads\/2024\/02\/9_20240207_091653_0008-580x337.jpg 580w\" sizes=\"auto, (max-width: 860px) 100vw, 860px\" \/><\/div><\/div>\n<\/div>\n<div class=\"cmsmasters_text text-services\">\n<p>El comercio internacional implica cumplir con una serie de requisitos documentales y fiscales para cada uno de sus env\u00edos. Una adecuada gesti\u00f3n de los tr\u00e1mites aduaneros le permitir\u00e1 agilizar sus operaciones y reducir sus costos. Ecargo dispone de un equipo de expertos en aduanas que le asesorar\u00e1 y le ofrecer\u00e1 la mejor soluci\u00f3n para sus exportaciones e\u00a0importaciones.<\/p>\n<\/div>\n\n<div id=\"cmsmasters_divider_69dcc4ae727d46_02416830\" class=\"cmsmasters_divider cmsmasters_divider_width_long cmsmasters_divider_pos_center\"><\/div>\n<\/div>\n<\/div>\n<\/div>\n<\/div>\n<\/div>\n<\/div>\n<div id=\"cmsmasters_row_69dcc4ae7280f0_08070850\" class=\"cmsmasters_row cmsmasters_color_scheme_default cmsmasters_row_top_default cmsmasters_row_bot_default cmsmasters_row_boxed\">\n<div class=\"cmsmasters_row_outer_parent\">\n<div class=\"cmsmasters_row_outer\">\n<div class=\"cmsmasters_row_inner\">\n<div class=\"cmsmasters_row_margin\">\n<div class=\"cmsmasters_column one_first\">\n<div class=\"cmsmasters_text margin-bottom-zero\">\n<h1><strong>LO QUE OBTIENES CON <span style=\"color: #ed1c24;\">ECARGO LOGISTICS<\/span><\/strong><\/h1>\n<\/div>\n<\/div>\n<\/div>\n<\/div>\n<\/div>\n<\/div>\n<\/div>\n<div id=\"cmsmasters_row_69dcc4ae728ba2_94971906\" class=\"cmsmasters_row cmsmasters_color_scheme_default cmsmasters_row_top_default cmsmasters_row_bot_default cmsmasters_row_boxed\">\n<div class=\"cmsmasters_row_outer_parent\">\n<div class=\"cmsmasters_row_outer\">\n<div class=\"cmsmasters_row_inner\">\n<div class=\"cmsmasters_row_margin\">\n<div class=\"cmsmasters_column one_half\">\n\n<div id=\"cmsmasters_icon_box_69dcc4ae729396_83860052\" class=\"cmsmasters_icon_box cmsmasters_icon_box_left_top box_icon_type_icon cmsmasters-icon-custom-10\">\n<div class=\"icon_box_inner\">\n<h3 class=\"icon_box_heading\">ENTREGA 100% SEGURA<\/h3>\n<div class=\"icon_box_text\">\n<p><\/p>\n<\/div>\n<\/div>\n<\/div>\n\n<div id=\"cmsmasters_divider_69dcc4ae7296f6_23835770\" class=\"cl\"><\/div>\n\n<div id=\"cmsmasters_icon_box_69dcc4ae7298c6_29710232\" class=\"cmsmasters_icon_box cmsmasters_icon_box_left_top box_icon_type_icon cmsmasters-icon-custom-18\">\n<div class=\"icon_box_inner\">\n<h3 class=\"icon_box_heading\">TRANSPORTE A TIEMPO<\/h3>\n<div class=\"icon_box_text\">\n<p><\/p>\n<\/div>\n<\/div>\n<\/div>\n<\/div>\n<div class=\"cmsmasters_column one_half\">\n\n<div id=\"cmsmasters_icon_box_69dcc4ae72a189_29739995\" class=\"cmsmasters_icon_box cmsmasters_icon_box_left_top box_icon_type_icon cmsmasters-icon-custom-01\">\n<div class=\"icon_box_inner\">\n<h3 class=\"icon_box_heading\">FLOTA DE VEH\u00cdCULOS MODERNA<\/h3>\n<div class=\"icon_box_text\">\n<p><\/p>\n<\/div>\n<\/div>\n<\/div>\n\n<div id=\"cmsmasters_divider_69dcc4ae72a428_30033663\" class=\"cl\"><\/div>\n\n<div id=\"cmsmasters_icon_box_69dcc4ae72a5a9_56715262\" class=\"cmsmasters_icon_box cmsmasters_icon_box_left_top box_icon_type_icon cmsmasters-icon-custom-08\">\n<div class=\"icon_box_inner\">\n<h3 class=\"icon_box_heading\">SEGUIMIENTO ONLINE<\/h3>\n<div class=\"icon_box_text\">\n<p><\/p>\n<\/div>\n<\/div>\n<\/div>\n<\/div>\n<\/div>\n<\/div>\n<\/div>\n<\/div>\n<\/div>\n\n","protected":false},"excerpt":{"rendered":"","protected":false},"author":1,"featured_media":0,"parent":0,"menu_order":0,"comment_status":"closed","ping_status":"closed","template":"","meta":{"footnotes":""},"class_list":["post-7901","page","type-page","status-publish","hentry"],"_links":{"self":[{"href":"https:\/\/ecargo.do\/index.php\/wp-json\/wp\/v2\/pages\/7901","targetHints":{"allow":["GET"]}}],"collection":[{"href":"https:\/\/ecargo.do\/index.php\/wp-json\/wp\/v2\/pages"}],"about":[{"href":"https:\/\/ecargo.do\/index.php\/wp-json\/wp\/v2\/types\/page"}],"author":[{"embeddable":true,"href":"https:\/\/ecargo.do\/index.php\/wp-json\/wp\/v2\/users\/1"}],"replies":[{"embeddable":true,"href":"https:\/\/ecargo.do\/index.php\/wp-json\/wp\/v2\/comments?post=7901"}],"version-history":[{"count":4,"href":"https:\/\/ecargo.do\/index.php\/wp-json\/wp\/v2\/pages\/7901\/revisions"}],"predecessor-version":[{"id":7925,"href":"https:\/\/ecargo.do\/index.php\/wp-json\/wp\/v2\/pages\/7901\/revisions\/7925"}],"wp:attachment":[{"href":"https:\/\/ecargo.do\/index.php\/wp-json\/wp\/v2\/media?parent=7901"}],"curies":[{"name":"wp","href":"https:\/\/api.w.org\/{rel}","templated":true}]}}